{"id":557,"date":"2017-02-03T17:29:09","date_gmt":"2017-02-03T16:29:09","guid":{"rendered":"https:\/\/www.cti-commission.fr\/?page_id=557"},"modified":"2018-06-01T09:57:43","modified_gmt":"2018-06-01T07:57:43","slug":"donnees-certifiees-ecole","status":"publish","type":"page","link":"https:\/\/www.cti-commission.fr\/en\/accreditation\/donnees-certifiees-ecole","title":{"rendered":"Donn\u00e9es certifi\u00e9es \u00e9cole"},"content":{"rendered":"","protected":false},"excerpt":{"rendered":"","protected":false},"author":1,"featured_media":0,"parent":370,"menu_order":0,"comment_status":"closed","ping_status":"closed","template":"template_donnees_certifiees.php","meta":{"_price":"","_stock":"","_tribe_ticket_header":"","_tribe_default_ticket_provider":"","_tribe_ticket_capacity":"0","_ticket_start_date":"","_ticket_end_date":"","_tribe_ticket_show_description":"","_tribe_ticket_show_not_going":false,"_tribe_ticket_use_global_stock":"","_tribe_ticket_global_stock_level":"","_global_stock_mode":"","_global_stock_cap":"","_tribe_rsvp_for_event":"","_tribe_ticket_going_count":"","_tribe_ticket_not_going_count":"","_tribe_tickets_list":"[]","_tribe_ticket_has_attendee_info_fields":false,"footnotes":""},"class_list":["post-557","page","type-page","status-publish","hentry"],"translation":{"provider":"WPGlobus","version":"3.0.2","language":"en","enabled_languages":["fr","en"],"languages":{"fr":{"title":true,"content":false,"excerpt":false},"en":{"title":false,"content":false,"excerpt":false}}},"_links":{"self":[{"href":"https:\/\/www.cti-commission.fr\/en\/wp-json\/wp\/v2\/pages\/557","targetHints":{"allow":["GET"]}}],"collection":[{"href":"https:\/\/www.cti-commission.fr\/en\/wp-json\/wp\/v2\/pages"}],"about":[{"href":"https:\/\/www.cti-commission.fr\/en\/wp-json\/wp\/v2\/types\/page"}],"author":[{"embeddable":true,"href":"https:\/\/www.cti-commission.fr\/en\/wp-json\/wp\/v2\/users\/1"}],"replies":[{"embeddable":true,"href":"https:\/\/www.cti-commission.fr\/en\/wp-json\/wp\/v2\/comments?post=557"}],"version-history":[{"count":5,"href":"https:\/\/www.cti-commission.fr\/en\/wp-json\/wp\/v2\/pages\/557\/revisions"}],"predecessor-version":[{"id":7960,"href":"https:\/\/www.cti-commission.fr\/en\/wp-json\/wp\/v2\/pages\/557\/revisions\/7960"}],"up":[{"embeddable":true,"href":"https:\/\/www.cti-commission.fr\/en\/wp-json\/wp\/v2\/pages\/370"}],"wp:attachment":[{"href":"https:\/\/www.cti-commission.fr\/en\/wp-json\/wp\/v2\/media?parent=557"}],"curies":[{"name":"wp","href":"https:\/\/api.w.org\/{rel}","templated":true}]}}