{"id":370,"date":"2023-02-17T09:00:48","date_gmt":"2023-02-17T08:00:48","guid":{"rendered":"https:\/\/www.cti-commission.fr\/?page_id=370"},"modified":"2026-03-09T15:08:06","modified_gmt":"2026-03-09T14:08:06","slug":"accreditation","status":"publish","type":"page","link":"https:\/\/www.cti-commission.fr\/en\/accreditation","title":{"rendered":"Accreditation area"},"content":{"rendered":"\n<p><a href=\"https:\/\/www.cti-commission.fr\/category\/site-public\/assemblees-plenieres-releves-de-conclusions-avis-et-decisions-concernant-les-formations\">Records of conclusions of the CTI&#8217;s plenary sessions, with decisions, recommendations and evaluation reports<\/a> (in French)<\/p>\n\n\n\n<p><a href=\"https:\/\/www.cti-commission.fr\/2017\/01\/01\/calendrier-des-campagnes-d-accreditations\">Programming of accreditation campaigns<\/a><\/p>\n\n\n\n<p><a href=\"https:\/\/www.cti-commission.fr\/contact\/faq\">FAQ<\/a> (in French)<\/p>\n\n\n\n<h3 class=\"wp-block-heading\">Ministerial decrees (French version)<\/h3>\n\n\n\n<p><a href=\"https:\/\/www.cti-commission.fr\/wp-content\/uploads\/2025\/03\/arrete_grade_licence_3-2-2025_boesr.pdf\">Arr\u00eat\u00e9 minist\u00e9riel du 3 f\u00e9vrier 2025 fixant la liste des \u00e9coles autoris\u00e9es \u00e0 d\u00e9livrer un dipl\u00f4me conf\u00e9rant le grade de licence \u00e0 leurs titulaires<\/a><\/p>\n\n\n\n<p><a href=\"https:\/\/www.legifrance.gouv.fr\/jorf\/id\/JORFTEXT000050980178\">Arr\u00eat\u00e9 minist\u00e9riel du 10 d\u00e9cembre 2024 fixant la liste des \u00e9coles accr\u00e9dit\u00e9es \u00e0 d\u00e9livrer un titre d&#8217;ing\u00e9nieur dipl\u00f4m\u00e9<\/a><\/p>\n\n\n\n<p><a href=\"https:\/\/www.cti-commission.fr\/wp-content\/uploads\/2024\/03\/BOSR-10-du-7-3-2024-Arr-grade-licence.pdf\">Arr\u00eat\u00e9 minist\u00e9riel du 12 f\u00e9vrier 2024 fixant la liste des \u00e9coles autoris\u00e9es \u00e0 d\u00e9livrer un dipl\u00f4me conf\u00e9rant le grade de licence \u00e0 leurs titulaires<\/a><\/p>\n\n\n\n<p> <a href=\"https:\/\/www.cti-commission.fr\/wp-content\/uploads\/2024\/02\/joe_20240204_0029_0021.pdf\">Arr\u00eat\u00e9 interminist\u00e9riel du 15 novembre 2023 fixant la liste des \u00e9coles accr\u00e9dit\u00e9es \u00e0 d\u00e9livrer un titre d&#8217;ing\u00e9nieur dipl\u00f4m\u00e9<\/a><\/p>\n\n\n\n<p><a href=\"https:\/\/www.cti-commission.fr\/wp-content\/uploads\/2023\/02\/Arrete_ingenieur_2022_JO-16022023.pdf\">Arr\u00eat\u00e9 interminist\u00e9riel du 27 d\u00e9cembre 2022 fixant la liste des \u00e9coles accr\u00e9dit\u00e9es \u00e0 d\u00e9livrer un titre d\u2019ing\u00e9nieur dipl\u00f4m\u00e9<\/a><\/p>\n\n\n\n<p><a href=\"https:\/\/www.cti-commission.fr\/wp-content\/uploads\/2023\/02\/arrete-grade-licence-R2023_BO_2023-02-16.pdf\">Arr\u00eat\u00e9 minist\u00e9riel du 25 janvier 2023 fixant la liste des \u00e9coles autoris\u00e9es \u00e0 d\u00e9livrer un dipl\u00f4me de bachelor conf\u00e9rant le grade de licence<\/a><\/p>\n\n\n\n<p><a href=\"https:\/\/www.cti-commission.fr\/wp-content\/uploads\/2023\/02\/Arrete_R22_grade_licence.pdf\">Arr\u00eat\u00e9 minist\u00e9riel du 14 f\u00e9vrier 2022 fixant la liste des \u00e9coles autoris\u00e9es \u00e0 d\u00e9livrer un dipl\u00f4me de bachelor conf\u00e9rant le grade de licence<\/a><\/p>\n\n\n\n<p><a href=\"https:\/\/www.cti-commission.fr\/wp-content\/uploads\/2021\/06\/BOESRI-n\u00b022-du-3062021-liste-\u00e9cole-Dipl\u00f4me-grade-licence.pdf\">Arr\u00eat\u00e9 minist\u00e9riel du 10 mai 2021 fixant la liste des \u00e9coles autoris\u00e9es \u00e0 d\u00e9livrer un dipl\u00f4me de bachelor conf\u00e9rant le grade de licence<\/a><\/p>\n\n\n\n<h3 class=\"wp-block-heading\"><strong>Research engine<\/strong><\/h3>\n\n\n\n<p>The CTI publishes via the research engine:<\/p>\n\n\n\n<ul class=\"wp-block-list\">\n<li>its <strong>accreditation decisions and recommendations<\/strong>. The <strong>full evaluation report<\/strong>s are published on this website with the relevant plenary sessions (see above) and on the European database DEQAR.<\/li>\n\n\n\n<li>the <strong>annual datasheets certified by the French engineering schools&#8217; management,<\/strong> which are a compulsory element of an accreditation procedure. (Due to legislation barriers, the certified data are not required on an annual basis by foreign institutions and are not published.)<\/li>\n<\/ul>\n\n\n\n<p>To access the latest CTI decisions or recommendations, or the certied dataof a French engineering schools, use the search engine below.<\/p>\n\n\n\n<h2 class=\"wp-block-heading\">Search for an engineering school or degree programme<\/h2>\n","protected":false},"excerpt":{"rendered":"<p>Records of conclusions of the CTI&#8217;s plenary sessions, with decisions, recommendations and evaluation reports (in French) Programming of accreditation campaigns FAQ (in French) Ministerial decrees (French version) Arr\u00eat\u00e9 minist\u00e9riel du &hellip; <a href=\"https:\/\/www.cti-commission.fr\/en\/accreditation\" class=\"more-link\">Continue reading<span class=\"screen-reader-text\"> &#8220;Accreditation area&#8221;<\/span><\/a><\/p>\n","protected":false},"author":1,"featured_media":0,"parent":0,"menu_order":60,"comment_status":"closed","ping_status":"closed","template":"template_gris_accreditation_recherche.php","meta":{"_price":"","_stock":"","_tribe_ticket_header":"","_tribe_default_ticket_provider":"","_tribe_ticket_capacity":"0","_ticket_start_date":"","_ticket_end_date":"","_tribe_ticket_show_description":"","_tribe_ticket_show_not_going":false,"_tribe_ticket_use_global_stock":"","_tribe_ticket_global_stock_level":"","_global_stock_mode":"","_global_stock_cap":"","_tribe_rsvp_for_event":"","_tribe_ticket_going_count":"","_tribe_ticket_not_going_count":"","_tribe_tickets_list":"[]","_tribe_ticket_has_attendee_info_fields":false,"footnotes":""},"class_list":["post-370","page","type-page","status-publish","hentry"],"translation":{"provider":"WPGlobus","version":"3.0.2","language":"en","enabled_languages":["fr","en"],"languages":{"fr":{"title":true,"content":true,"excerpt":false},"en":{"title":true,"content":true,"excerpt":false}}},"_links":{"self":[{"href":"https:\/\/www.cti-commission.fr\/en\/wp-json\/wp\/v2\/pages\/370","targetHints":{"allow":["GET"]}}],"collection":[{"href":"https:\/\/www.cti-commission.fr\/en\/wp-json\/wp\/v2\/pages"}],"about":[{"href":"https:\/\/www.cti-commission.fr\/en\/wp-json\/wp\/v2\/types\/page"}],"author":[{"embeddable":true,"href":"https:\/\/www.cti-commission.fr\/en\/wp-json\/wp\/v2\/users\/1"}],"replies":[{"embeddable":true,"href":"https:\/\/www.cti-commission.fr\/en\/wp-json\/wp\/v2\/comments?post=370"}],"version-history":[{"count":70,"href":"https:\/\/www.cti-commission.fr\/en\/wp-json\/wp\/v2\/pages\/370\/revisions"}],"predecessor-version":[{"id":17478,"href":"https:\/\/www.cti-commission.fr\/en\/wp-json\/wp\/v2\/pages\/370\/revisions\/17478"}],"wp:attachment":[{"href":"https:\/\/www.cti-commission.fr\/en\/wp-json\/wp\/v2\/media?parent=370"}],"curies":[{"name":"wp","href":"https:\/\/api.w.org\/{rel}","templated":true}]}}