{"id":346,"date":"2023-02-28T11:07:00","date_gmt":"2023-02-28T10:07:00","guid":{"rendered":"https:\/\/www.cti-commission.fr\/?page_id=346"},"modified":"2025-03-03T14:39:16","modified_gmt":"2025-03-03T13:39:16","slug":"enqa","status":"publish","type":"page","link":"https:\/\/www.cti-commission.fr\/en\/international\/eees\/enqa","title":{"rendered":"ENQA"},"content":{"rendered":"\n<p><\/p>\n\n\n<h2>ENQA<\/h2>\n<p>L&#8217;association <a href=\"https:\/\/www.enqa.eu\/\"><em>European Association for Quality Assurance in Higher Education<\/em><\/a> est une organisation de parties prenantes d&#8217;agences d&#8217;assurance qualit\u00e9 de l&#8217;Espace Europ\u00e9en de l&#8217;Enseignement Sup\u00e9rieur.<\/p>\n<p>Ne peuvent devenir membres \u00e0 part enti\u00e8re (&#8220;full member&#8221;) que les agences dont les pratiques sont globalement conformes aux standards europ\u00e9ens (ESG).<\/p>\n<p>Afin de devenir et de rester membre de l&#8217;association, les agences doivent se soumettre \u00e0 une \u00e9valuation p\u00e9riodique de leurs proc\u00e9dures par ENQA afin de v\u00e9rifier leur conformit\u00e9 aux ESG.<\/p>\n<p>La CTI est un &#8220;full member&#8221; d&#8217;ENQA depuis 2005. Son renouvellement a \u00e9t\u00e9 confirm\u00e9 en 2009, 2014, 2019,2024 avec une validit\u00e9 jusqu&#8217;\u00e0 l&#8217;\u00e9t\u00e9 2029.<\/p>\n<p><a href=\"https:\/\/www.cti-commission.fr\/wp-content\/uploads\/2025\/03\/Board-letter-membership-reconfirmed_TR_CTI.pdf\">RECONFIRMATION DE L&#8217;ADHESION DE LA CTI A ENQA (SEPTEMBRE 2024)<\/a><\/p>\n<h2>EQAR<\/h2>\n<p>EQAR (<a href=\"https:\/\/www.eqar.eu\/\">European Quality Assurance Register<\/a>) est le registre officiel de l&#8217;Espace Europ\u00e9en de l&#8217;Enseignement Sup\u00e9rieur qui publie la liste des agences d&#8217;assurance qualit\u00e9 dont les pratiques sont globalement conformes aux ESG.<\/p>\n<p>Les r\u00e9sultats de l&#8217;\u00e9valuation ENQA peuvent \u00eatre pris en compte et analys\u00e9s par EQAR en vue\u00a0de faire figurer l&#8217;agence dans le registre.<\/p>\n<p>La CTI figure dans le registre depuis 2010 et a \u00e9t\u00e9 renouvel\u00e9e en 2014, 2019 et 2024. Son inscription est valable jusqu&#8217;au 30 avril 2029.<\/p>\n<p>Tous les avis et d\u00e9cisions de la CTI ainsi que les rapports de mission sont publi\u00e9s dans la base de donn\u00e9es d&#8217;EQAR, <a href=\"https:\/\/www.eqar.eu\/qa-results\/search\/\">Database of External Quality Assurance Results<\/a> (DEQAR).<\/p>","protected":false},"excerpt":{"rendered":"<p>ENQA L&#8217;association European Association for Quality Assurance in Higher Education est une organisation de parties prenantes d&#8217;agences d&#8217;assurance qualit\u00e9 de l&#8217;Espace Europ\u00e9en de l&#8217;Enseignement Sup\u00e9rieur. Ne peuvent devenir membres \u00e0 &hellip; <a href=\"https:\/\/www.cti-commission.fr\/en\/international\/eees\/enqa\" class=\"more-link\">Continue reading<span class=\"screen-reader-text\"> &#8220;ENQA&#8221;<\/span><\/a><\/p>\n","protected":false},"author":1,"featured_media":0,"parent":339,"menu_order":3,"comment_status":"closed","ping_status":"closed","template":"template_gris_contact.php","meta":{"_price":"","_stock":"","_tribe_ticket_header":"","_tribe_default_ticket_provider":"","_tribe_ticket_capacity":"0","_ticket_start_date":"","_ticket_end_date":"","_tribe_ticket_show_description":"","_tribe_ticket_show_not_going":false,"_tribe_ticket_use_global_stock":"","_tribe_ticket_global_stock_level":"","_global_stock_mode":"","_global_stock_cap":"","_tribe_rsvp_for_event":"","_tribe_ticket_going_count":"","_tribe_ticket_not_going_count":"","_tribe_tickets_list":"[]","_tribe_ticket_has_attendee_info_fields":false,"footnotes":""},"class_list":["post-346","page","type-page","status-publish","hentry"],"translation":{"provider":"WPGlobus","version":"3.0.2","language":"en","enabled_languages":["fr","en"],"languages":{"fr":{"title":true,"content":true,"excerpt":false},"en":{"title":true,"content":true,"excerpt":false}}},"_links":{"self":[{"href":"https:\/\/www.cti-commission.fr\/en\/wp-json\/wp\/v2\/pages\/346","targetHints":{"allow":["GET"]}}],"collection":[{"href":"https:\/\/www.cti-commission.fr\/en\/wp-json\/wp\/v2\/pages"}],"about":[{"href":"https:\/\/www.cti-commission.fr\/en\/wp-json\/wp\/v2\/types\/page"}],"author":[{"embeddable":true,"href":"https:\/\/www.cti-commission.fr\/en\/wp-json\/wp\/v2\/users\/1"}],"replies":[{"embeddable":true,"href":"https:\/\/www.cti-commission.fr\/en\/wp-json\/wp\/v2\/comments?post=346"}],"version-history":[{"count":26,"href":"https:\/\/www.cti-commission.fr\/en\/wp-json\/wp\/v2\/pages\/346\/revisions"}],"predecessor-version":[{"id":16669,"href":"https:\/\/www.cti-commission.fr\/en\/wp-json\/wp\/v2\/pages\/346\/revisions\/16669"}],"up":[{"embeddable":true,"href":"https:\/\/www.cti-commission.fr\/en\/wp-json\/wp\/v2\/pages\/339"}],"wp:attachment":[{"href":"https:\/\/www.cti-commission.fr\/en\/wp-json\/wp\/v2\/media?parent=346"}],"curies":[{"name":"wp","href":"https:\/\/api.w.org\/{rel}","templated":true}]}}