{"id":326,"date":"2023-07-31T10:00:00","date_gmt":"2023-07-31T08:00:00","guid":{"rendered":"https:\/\/www.cti-commission.fr\/?page_id=326"},"modified":"2026-03-17T11:45:41","modified_gmt":"2026-03-17T10:45:41","slug":"admission-par-letat","status":"publish","type":"page","link":"https:\/\/www.cti-commission.fr\/en\/documents-de-reference\/procedures\/admission-par-letat","title":{"rendered":"CROSSBORDER ACCREDITATION: RECOGNITION OF A FOREIGN DEGREE IN FRANCE"},"content":{"rendered":"\n<h2 class=\"wp-block-heading\">\u00ab\u202fADMISSION PAR L\u2019ETAT\u202f\u00bb<\/h2>\n\n\n\n<p>The CTI\u2019s missions include the evaluation of engineering degree programmes at master&#8217;s level abroad.  The procedures may take two different forms that may be combined in a single process:<\/p>\n\n\n\n<ul class=\"wp-block-list\">\n<li>Recognition of the degree in France (&#8220;<strong>admission par l\u2019Etat<\/strong>&#8220;), which gives graduates from the relevant programmes the title of graduate &amp; professional engineer \u201cing\u00e9nieur dipl\u00f4m\u00e9\u201d in France. The <strong><a href=\"https:\/\/www.cti-commission.fr\/en\/fonds-documentaire\">R&amp;O References &amp; Guidelines<\/a><\/strong> apply to these programmes in the same way as to the French engineering schools, although some criteria may be relaxed to take into account the different national contexts.<\/li>\n\n\n\n<li>Evaluation procedure with the aim to award the <a rel=\"noreferrer noopener\" aria-label=\"EUR-ACE\u00ae Master\u2019s Label (s\u2019ouvre dans un nouvel onglet)\" href=\"https:\/\/www.enaee.eu\/eur-ace-system\/\" target=\"_blank\"><strong>EUR-ACE\u00ae label <\/strong>at master\u2019s level<\/a>. <\/li>\n<\/ul>\n\n\n\n<p><font dir=\"auto\" style=\"vertical-align: inherit;\"><font dir=\"auto\" style=\"vertical-align: inherit;\">Pour une demande de reconnaissance de dipl\u00f4me en France (\u00ab&nbsp;admission par l\u2019\u00c9tat&nbsp;\u00bb), une proc\u00e9dure diplomatique doit \u00eatre engag\u00e9e entre les deux pays apr\u00e8s confirmation de l\u2019admissibilit\u00e9 (voir ci-dessous). Pour une demande de label EUR-ACE\u00ae uniquement, CTI informe l\u2019agence et\/ou les autorit\u00e9s locales.<\/font><\/font><\/p>\n\n\n\n<p><font dir=\"auto\" style=\"vertical-align: inherit;\"><font dir=\"auto\" style=\"vertical-align: inherit;\"><a href=\"https:\/\/www.cti-commission.fr\/wp-content\/uploads\/2026\/03\/Procedure_admission_Etat_20220721.pdf\">T\u00e9l\u00e9chargez plus d&#8217;informations sur une demande d&#8217;\u00ab Admission par l&#8217;\u00c9tat \u00bb au format PDF.<\/a><\/font><\/font><\/p>\n\n\n\n<p><font dir=\"auto\" style=\"vertical-align: inherit;\"><font dir=\"auto\" style=\"vertical-align: inherit;\">Le CTI intervient dans de nombreux pays d&#8217;Europe et du monde, notamment en Belgique, en Bulgarie, au Burkina Faso, au Cambodge, au Cameroun, en Chine, en C\u00f4te d&#8217;Ivoire, au Liban, en Mauritanie, au Maroc, au S\u00e9n\u00e9gal, en Suisse, en Tunisie et au Vietnam. Chaque ann\u00e9e, des milliers de dipl\u00f4m\u00e9s d&#8217;\u00e9tablissements d&#8217;enseignement sup\u00e9rieur \u00e9trangers obtiennent un dipl\u00f4me reconnu en France. De nouvelles demandes sont d\u00e9pos\u00e9es chaque ann\u00e9e, en particulier par des \u00e9tablissements francophones \u00e9trangers et\/ou des \u00e9tablissements entretenant des liens \u00e9troits avec des \u00e9coles fran\u00e7aises.<\/font><\/font><\/p>\n\n\n\n<p>As is the case for French engineering schools, the accreditation process includes a site visit to the institution by an expert panel, a published evaluation report and a recommendation for accreditation, the content and duration of which are debated and voted on at the plenary session of the CTI.<\/p>\n\n\n\n<h4 class=\"wp-block-heading\">The admissibility of first applications<\/h4>\n\n\n\n<p>Prior to a first evaluation process of a foreign institution, there is an <strong>admissibility phase<\/strong> in order to check that the scope of the application and a few major criteria are in line with the CTI&#8217;s missions.<\/p>\n\n\n\n<p>Two Admissibility Committee meetings are organized in <strong>2025-2026. The application deadlines are: <\/strong>October 1st,2025 &amp; April 20, 2026.<\/p>\n\n\n\n<p><a href=\"https:\/\/www.cti-commission.fr\/wp-content\/uploads\/2023\/07\/Recevabilite_Admission_par_Etat-4.zip\">Download the Admissibility file<\/a>; it gives you access to :<\/p>\n\n\n\n<ul class=\"wp-block-list\">\n<li>Word and Excel documents to fill in<\/li>\n\n\n\n<li>Information on fees for evaluation procedures abroad <\/li>\n<\/ul>\n\n\n\n<p>The application for admissibility may be sent to the CTI as soon as the <strong>programme is functioning <\/strong>for a few years and the <strong>first class of students has graduated<\/strong>. If the application is declared admissible, it will be included in an upcoming CTI&#8217;s annual evaluation campaign.<\/p>\n\n\n\n<p>For any request\u202fand further information: <a href=\"mailto:secretariat@cti-commission.fr\">international@cti-commission.fr<\/a><\/p>\n","protected":false},"excerpt":{"rendered":"<p>\u00ab\u202fADMISSION PAR L\u2019ETAT\u202f\u00bb The CTI\u2019s missions include the evaluation of engineering degree programmes at master&#8217;s level abroad. The procedures may take two different forms that may be combined in a &hellip; <a href=\"https:\/\/www.cti-commission.fr\/en\/documents-de-reference\/procedures\/admission-par-letat\" class=\"more-link\">Continue reading<span class=\"screen-reader-text\"> &#8220;CROSSBORDER ACCREDITATION: RECOGNITION OF A FOREIGN DEGREE IN FRANCE&#8221;<\/span><\/a><\/p>\n","protected":false},"author":1,"featured_media":0,"parent":310,"menu_order":2,"comment_status":"closed","ping_status":"closed","template":"template_gris_contact.php","meta":{"_price":"","_stock":"","_tribe_ticket_header":"","_tribe_default_ticket_provider":"","_tribe_ticket_capacity":"0","_ticket_start_date":"","_ticket_end_date":"","_tribe_ticket_show_description":"","_tribe_ticket_show_not_going":false,"_tribe_ticket_use_global_stock":"","_tribe_ticket_global_stock_level":"","_global_stock_mode":"","_global_stock_cap":"","_tribe_rsvp_for_event":"","_tribe_ticket_going_count":"","_tribe_ticket_not_going_count":"","_tribe_tickets_list":"[]","_tribe_ticket_has_attendee_info_fields":false,"footnotes":""},"class_list":["post-326","page","type-page","status-publish","hentry"],"translation":{"provider":"WPGlobus","version":"3.0.2","language":"en","enabled_languages":["fr","en"],"languages":{"fr":{"title":true,"content":true,"excerpt":false},"en":{"title":true,"content":true,"excerpt":false}}},"_links":{"self":[{"href":"https:\/\/www.cti-commission.fr\/en\/wp-json\/wp\/v2\/pages\/326","targetHints":{"allow":["GET"]}}],"collection":[{"href":"https:\/\/www.cti-commission.fr\/en\/wp-json\/wp\/v2\/pages"}],"about":[{"href":"https:\/\/www.cti-commission.fr\/en\/wp-json\/wp\/v2\/types\/page"}],"author":[{"embeddable":true,"href":"https:\/\/www.cti-commission.fr\/en\/wp-json\/wp\/v2\/users\/1"}],"replies":[{"embeddable":true,"href":"https:\/\/www.cti-commission.fr\/en\/wp-json\/wp\/v2\/comments?post=326"}],"version-history":[{"count":73,"href":"https:\/\/www.cti-commission.fr\/en\/wp-json\/wp\/v2\/pages\/326\/revisions"}],"predecessor-version":[{"id":17488,"href":"https:\/\/www.cti-commission.fr\/en\/wp-json\/wp\/v2\/pages\/326\/revisions\/17488"}],"up":[{"embeddable":true,"href":"https:\/\/www.cti-commission.fr\/en\/wp-json\/wp\/v2\/pages\/310"}],"wp:attachment":[{"href":"https:\/\/www.cti-commission.fr\/en\/wp-json\/wp\/v2\/media?parent=326"}],"curies":[{"name":"wp","href":"https:\/\/api.w.org\/{rel}","templated":true}]}}