{"id":324,"date":"2022-05-30T10:39:00","date_gmt":"2022-05-30T08:39:00","guid":{"rendered":"https:\/\/www.cti-commission.fr\/?page_id=324"},"modified":"2026-03-16T12:04:42","modified_gmt":"2026-03-16T11:04:42","slug":"eur-ace","status":"publish","type":"page","link":"https:\/\/www.cti-commission.fr\/en\/documents-de-reference\/procedures\/eur-ace","title":{"rendered":"EUR-ACE\u00ae"},"content":{"rendered":"\n<p>CTI\u2019s missions include the evaluation of engineering programmes abroad.  <\/p>\n\n\n\n<p>\n\nThese evaluation activities can take two forms:\n\n<\/p>\n\n\n\n<ul class=\"wp-block-list\">\n<li>Accreditation procedure in view of recognition of the degree in France (\u201cadmission par l\u2019Etat\u201d), which gives graduates from the relevant degree programmes the title of graduate &amp; professional engineer \u201cing\u00e9nieur dipl\u00f4m\u00e9\u201d in France.<\/li>\n\n\n\n<li>Evaluation procedure with the aim to obtain the <strong><a rel=\"noreferrer noopener\" aria-label=\"EUR-ACE\u00ae Master\u2019s Label (s\u2019ouvre dans un nouvel onglet)\" href=\"https:\/\/www.enaee.eu\/eur-ace-system\/\" target=\"_blank\">EUR-ACE\u00ae Master\u2019s Label<\/a>.<\/strong> This can be done separately or coincide with the accreditation procedure for national recognition.<\/li>\n<\/ul>\n\n\n\n<p>If you plan to apply for both procedures, please visit the <a href=\"https:\/\/www.cti-commission.fr\/documents-de-reference\/procedures\/admission-par-letat\">website page for \u201cAdmission par l\u2019Etat\u201d<\/a> leading to the recognition of foreign engineering degrees in France.  <\/p>\n\n\n\n<h4 class=\"wp-block-heading\">This page adresses the procedure for the EUR-ACE\u00ae Label only.<\/h4>\n\n\n\n<p>You will find all information and the procedure\u2019s description in the following document: <a rel=\"noreferrer noopener\" aria-label=\"Evaluation procedure for obtaining the EUR-ACE\u00ae Master\u2019s Label (s\u2019ouvre dans un nouvel onglet)\" href=\"https:\/\/www.cti-commission.fr\/wp-content\/uploads\/2021\/10\/Evaluationprocedure_eur-ace-label_en_V2021.pdf\" target=\"_blank\">Evaluation procedure for obtaining the EUR-ACE\u00ae Master\u2019s Label<\/a> .<\/p>\n\n\n\n<p>Once the label has been obtained, HEIs must observe the following: <\/p>\n\n\n\n<ul class=\"wp-block-list\">\n<li>Recommendations on the proper use of communication tools set out in the \u201cEUR-ACE\u00ae Logo Charter of Use\u201d. (<a rel=\"noreferrer noopener\" aria-label=\" (s\u2019ouvre dans un nouvel onglet)\" href=\"https:\/\/www.cti-commission.fr\/wp-content\/uploads\/2018\/06\/CHARTE_utilisation_-LOGO_label_EURACE_-seul_201806.pdf\" target=\"_blank\">\u201cCharte d\u2019utilisation du logo EUR-ACE\u201d<\/a>)  <\/li>\n\n\n\n<li>The validity period of the label, in accordance with the document \u201cAwarding of the EUR-ACE\u00ae Label to foreign institutions (2018\/06)\u201d. (<a rel=\"noreferrer noopener\" aria-label=\" (s\u2019ouvre dans un nouvel onglet)\" href=\"https:\/\/www.cti-commission.fr\/wp-content\/uploads\/2018\/06\/Deliberation_Duree_accreditation_Label_EUR-ACE_201806_02.pdf\" target=\"_blank\">\u201cAttribution du Label Eur-ACE\u00ae aux \u00e9tablissements \u00e9trangers\u201d<\/a>)  <\/li>\n<\/ul>\n\n\n\n<h4 class=\"wp-block-heading\">THE ADMISSIBILITY OF FIRST APPLICATIONS<\/h4>\n\n\n\n<p>Prior to a first evaluation process of a foreign institution, there is an&nbsp;<strong>admissibility phase<\/strong>&nbsp;in order to check that the scope of the application and a few major criteria are in line with the CTI\u2019s missions.<\/p>\n\n\n\n<p>Two Admissibility Committee meetings are organized in\u00a0<strong>2025-2026. <\/strong>The application deadlines are:<strong>\u00a0October 1st, 2025 &amp; April 20, 2026.<\/strong><\/p>\n\n\n\n<p><a href=\"https:\/\/www.cti-commission.fr\/wp-content\/uploads\/2024\/07\/dossier-recevabilite.zip\">Download the Admissibility file<\/a>; it gives you access to :<\/p>\n\n\n\n<ul class=\"wp-block-list\">\n<li>Word and Excel documents to fill in<\/li>\n\n\n\n<li>Information on fees for evaluation procedures abroad<\/li>\n<\/ul>\n\n\n\n<p>The application for admissibility may be sent to the CTI as soon as the&nbsp;<strong>programme is functioning&nbsp;<\/strong>for a few years and the&nbsp;<strong>first class of students has graduated<\/strong>. If the application is declared admissible, it will be included in an upcoming CTI\u2019s annual evaluation campaign.<\/p>\n\n\n\n<p>For any request and application: international@cti-commission.fr <\/p>\n","protected":false},"excerpt":{"rendered":"<p>CTI\u2019s missions include the evaluation of engineering programmes abroad. These evaluation activities can take two forms: If you plan to apply for both procedures, please visit the website page for &hellip; <a href=\"https:\/\/www.cti-commission.fr\/en\/documents-de-reference\/procedures\/eur-ace\" class=\"more-link\">Continue reading<span class=\"screen-reader-text\"> &#8220;EUR-ACE\u00ae&#8221;<\/span><\/a><\/p>\n","protected":false},"author":1,"featured_media":0,"parent":310,"menu_order":1,"comment_status":"closed","ping_status":"closed","template":"template_gris_contact.php","meta":{"_price":"","_stock":"","_tribe_ticket_header":"","_tribe_default_ticket_provider":"","_tribe_ticket_capacity":"0","_ticket_start_date":"","_ticket_end_date":"","_tribe_ticket_show_description":"","_tribe_ticket_show_not_going":false,"_tribe_ticket_use_global_stock":"","_tribe_ticket_global_stock_level":"","_global_stock_mode":"","_global_stock_cap":"","_tribe_rsvp_for_event":"","_tribe_ticket_going_count":"","_tribe_ticket_not_going_count":"","_tribe_tickets_list":"[]","_tribe_ticket_has_attendee_info_fields":false,"footnotes":""},"class_list":["post-324","page","type-page","status-publish","hentry"],"translation":{"provider":"WPGlobus","version":"3.0.2","language":"en","enabled_languages":["fr","en"],"languages":{"fr":{"title":true,"content":true,"excerpt":false},"en":{"title":true,"content":true,"excerpt":false}}},"_links":{"self":[{"href":"https:\/\/www.cti-commission.fr\/en\/wp-json\/wp\/v2\/pages\/324","targetHints":{"allow":["GET"]}}],"collection":[{"href":"https:\/\/www.cti-commission.fr\/en\/wp-json\/wp\/v2\/pages"}],"about":[{"href":"https:\/\/www.cti-commission.fr\/en\/wp-json\/wp\/v2\/types\/page"}],"author":[{"embeddable":true,"href":"https:\/\/www.cti-commission.fr\/en\/wp-json\/wp\/v2\/users\/1"}],"replies":[{"embeddable":true,"href":"https:\/\/www.cti-commission.fr\/en\/wp-json\/wp\/v2\/comments?post=324"}],"version-history":[{"count":79,"href":"https:\/\/www.cti-commission.fr\/en\/wp-json\/wp\/v2\/pages\/324\/revisions"}],"predecessor-version":[{"id":17483,"href":"https:\/\/www.cti-commission.fr\/en\/wp-json\/wp\/v2\/pages\/324\/revisions\/17483"}],"up":[{"embeddable":true,"href":"https:\/\/www.cti-commission.fr\/en\/wp-json\/wp\/v2\/pages\/310"}],"wp:attachment":[{"href":"https:\/\/www.cti-commission.fr\/en\/wp-json\/wp\/v2\/media?parent=324"}],"curies":[{"name":"wp","href":"https:\/\/api.w.org\/{rel}","templated":true}]}}