{"id":286,"date":"2022-08-26T10:19:00","date_gmt":"2022-08-26T08:19:00","guid":{"rendered":"https:\/\/www.cti-commission.fr\/?page_id=286"},"modified":"2023-12-01T13:46:56","modified_gmt":"2023-12-01T12:46:56","slug":"liens-et-logos-de-nos-partenaires","status":"publish","type":"page","link":"https:\/\/www.cti-commission.fr\/en\/la-cti\/partenariats\/liens-et-logos-de-nos-partenaires","title":{"rendered":"The CTI&#8217;s key partners and reference organisations"},"content":{"rendered":"\n<h2 class=\"wp-block-heading\">In France<\/h2>\n\n\n\n<ul class=\"wp-block-list\">\n<li><a href=\"https:\/\/www.afd.fr\/fr\">Agence fran\u00e7aise du d\u00e9veloppement (AFD)<\/a>, <em>participates in implementing the French policy on development and international solidarity. Climate, biodiversity, peace, education, urban planning, health, governance.<\/em>..<\/li>\n\n\n\n<li><a rel=\"noreferrer noopener\" href=\"http:\/\/www.bnei.org\/\" target=\"_blank\">Bureau national des \u00e9l\u00e8ves ing\u00e9nieurs (BNEI)<\/a>, <em>the engineering students&#8217; association counts among the major stakeholders of the CTI (recruitment and training of the student experts, participation in working groups and CTI bodies, active participation in the annual CTI conference&#8230;)<\/em><\/li>\n\n\n\n<li><a href=\"https:\/\/www.campusfrance.org\/en\">Campus France<\/a><em>, a public establishment under the dual authority of the Ministry of Europe and Foreign Affairs and the Ministry of Higher Education and Research,  is responsible for promoting the mobility of foreign students and researchers to France. As such, the agency is responsible for implementing a number of scholarship programmes, from publishing calls for applications to welcoming programme beneficiaries in France.<\/em> <em>Campus France also supervises the departure of French experts abroad and the arrival and hosting of foreign personalities and experts in France.<\/em> <em>The CTI sits in the Steering Committee for the <a href=\"https:\/\/www.campusfrance.org\/en\/the-bienvenue-en-france-label\">label &#8220;Welcome in France&#8221;<\/a><\/em> <em>awarded by Campus France for the French governement.<\/em><\/li>\n\n\n\n<li><a rel=\"noreferrer noopener\" href=\"http:\/\/www.cadrescfdt.fr\/\" target=\"_blank\">CFDT Cadres<\/a>, <em>trade union<\/em><\/li>\n\n\n\n<li><a rel=\"noreferrer noopener\" href=\"http:\/\/www.cfecgc.org\/\" target=\"_blank\">CFE-CGC \/ Conf\u00e9d\u00e9ration Francaise de l\u2019Encadrement et Conf\u00e9d\u00e9ration G\u00e9n\u00e9rale des Cadres<\/a>, <em>trade union<\/em><\/li>\n\n\n\n<li><a href=\"https:\/\/www.cftc.fr\/\">CFTC<\/a>, <em>trade union<\/em><\/li>\n\n\n\n<li><a href=\"https:\/\/www.cefdg.fr\/\">Commission d&#8217;\u00e9valuation des formations et dipl\u00f4mes de gestion (CEFDG)<\/a>,<em> the CEFDG&#8217;s mission is to organize quality control procedures for higher education in commerce and management with a view to the construction of the European Higher Education Area. It also examines the development of higher education management courses in line with the overall system of existing higher education courses.<\/em><\/li>\n\n\n\n<li><a rel=\"noreferrer noopener\" href=\"http:\/\/www.cdefi.fr\/\" target=\"_blank\">Conf\u00e9rence des directeurs des \u00e9coles fran\u00e7aises d&#8217;ing\u00e9nieurs (CDEFI)<\/a>, <em>a not-for-profit association representing all the directors of public and private engineering schools or components of institutions accredited through a CTI procedure to award engineering degrees. Created by decree in 1976, the CDEFI&#8217;s mission is to represent engineering schools and universities of technology in dealings with the French government, the European Union and international organizations.<\/em><\/li>\n\n\n\n<li><a rel=\"noreferrer noopener\" href=\"http:\/\/www.cge.asso.fr\/\" target=\"_blank\">Conf\u00e9rence des Grandes Ecoles (CGE),<\/a> <em>association of nearly 300 members, including the &#8220;Grandes \u00e9coles&#8221; (engineering, management, architecture, political science, creation &#038; design, journalism, military schools, veterinary and health schools, etc.), all of which are recognised by the State and award a Master&#8217;s degree. Its members also include companies and other organizations.<\/em><\/li>\n\n\n\n<li><a rel=\"noreferrer noopener\" href=\"https:\/\/www.cpme.fr\/\" target=\"_blank\">CPME \/ Conf\u00e9d\u00e9ration des PME<\/a>,<em>&nbsp;Confederation&nbsp;od small and medium sized companies<\/em><\/li>\n\n\n\n<li><a href=\"https:\/\/www.expertisefrance.fr\/en\/accueil\">Expertise France<\/a>,  <em>&nbsp;the French public international cooperation agency. It designs and implements projects which aim to contribute to the balanced development of partner countries, in line with the Sustainable Development Goals (SDGs) of the 2030 Agenda and the priorities of France\u2019s external action. The CTI is a member of its Operational Advisory Committee for Higher Education.<\/em><\/li>\n\n\n\n<li><a href=\"https:\/\/www.ffbatiment.fr\/\">F\u00e9d\u00e9ration fran\u00e7aise du b\u00e2timent (FFB)<\/a>, <em>a professional employers&#8217; organisation specializing in building engineering<\/em><\/li>\n\n\n\n<li><a href=\"https:\/\/www.fntp.fr\/\">F\u00e9d\u00e9ration nationale des travaux publics (FNTP)<\/a>, <em>a professional employers&#8217; organisation specializing in civil engineering<\/em><\/li>\n\n\n\n<li><a rel=\"noreferrer noopener\" href=\"http:\/\/www.uci-fo.com\/\" target=\"_blank\">FO-Cadres \/ Union des Cadres et Ing\u00e9nieurs Force Ouvri\u00e8re<\/a>, <em>trade union<\/em><\/li>\n\n\n\n<li><a href=\"https:\/\/www.francecompetences.fr\/\">France comp\u00e9tences<\/a>, <em>a national public institution under the supervision of the Ministry for Vocational Training, was created on 1 January 2019 by the Law of 5 September 2018 on the freedom to choose one&#8217;s professional future. Its mission is to finance, regulate and improve the quality system for vocational training and apprenticeships. France Comp\u00e9tences is responsible, among other things, for the <a href=\"https:\/\/www.francecompetences.fr\/recherche_certificationprofessionnelle\/\">National directroy of professional certifications (RNCP)<\/a> and for the <a href=\"https:\/\/www.francecompetences.fr\/fiche\/la-loi-avenir-professionnel-lexigence-qualite\/#qualiopi\">QUALIOPI label<\/a>, which is compulsory for training providers wishing to benefit from vocational training funds.<\/em><\/li>\n\n\n\n<li><a href=\"https:\/\/www.france-education-international.fr\/\">France Education international<\/a>, <em>created in 1945 under the name &#8220;Centre international d&#8217;\u00e9tudes p\u00e9dagogiques (CIEP)&#8221;, France \u00c9ducation international is an institution under the authority of the Ministry of National Education and Youth. Its missions, which are in line with the government&#8217;s priorities for international cooperation, focus on three areas of activity: <br>* cooperation in the fields of primary and secondary education, technical and vocational training and higher education; <br>* support for the teaching of French throughout the world, through the training of trainers and educational managers and through linguistic evaluation; <br>* international mobility, through language assistant and teacher exchange programmes and the recognition of foreign diplomas (<a href=\"https:\/\/www.france-education-international.fr\/expertises\/enic-naric\">ENIC-NARIC France Centre<\/a>).<br>The CTI is a partner of FEi for the <a href=\"https:\/\/www.qualitefle.fr\/\">quality label FLE<\/a> (French as a foreign language) as a member of its Guidance Council and in European and international projects.<\/em><\/li>\n\n\n\n<li><a href=\"https:\/\/franceuniversites.fr\/\">France Universit\u00e9s<\/a> <em>is the association of leaders of universities and higher education and research establishments, with the aim of bringing the voice and values of universities to public debate.<\/em><\/li>\n\n\n\n<li><a href=\"http:\/\/www.hceres.fr\/\">Haut conseil de l&#8217;\u00e9valuation de la recherche et de l\u2019enseignement sup\u00e9rieur (Hc\u00e9res)<\/a>, <em>the independent public authority set up in 2014 to evaluate institutions, bachelor&#8217;s, master&#8217;s and doctoral degrees and research. Through its analyses, evaluations and recommendations, it supports and advises on improving the quality of higher education and research in France. The Hc\u00e9res cooperates with the CTI since its creation, continuing the work of its predecessor, the AERES.<\/em><\/li>\n\n\n\n<li><a href=\"http:\/\/home.iesf.fr\/\">IESF<\/a>, <em>the association of French engineers and scientists, of which the CTI is a partner, notably for the annual survey of engineering graduates and for the visibility of the National Engineering Days, an annual IESF event.<\/em><\/li>\n\n\n\n<li><a href=\"https:\/\/www.inpi.fr\/\">Institut national de la propri\u00e9t\u00e9 intellectuelle (INPI)<\/a>, <em>the French national institute for intellectual property, is a public body, entirely self-financed, under the supervision of the ministry responsible for intellectual property. In addition to registering titles (patents, trademarks, designs and models), it promotes economic development by raising awareness and promoting innovation in all its forms.<\/em><\/li>\n\n\n\n<li><a href=\"http:\/\/www.inrs.fr\/\"><em>Institut national de recherche et de s\u00e9curit\u00e9 pour la pr\u00e9vention des accidents du travail et des maladies professionnelles (<\/em>INRS)<\/a><em>, the National Research and Safety Institute for the prevention of accidents at work and occupational illnesses, a not-for-profit association, created in 1947 under the aegis of the engineering school Cnam, administered by a joint board (employers and employees). From the acquisition of knowledge to its dissemination, via its transformation into practical solutions, the Institute uses its multidisciplinary resources to spread a culture of prevention in companies and offer tools adapted to the diversity of occupational risks. INRS has four complementary missions: studies and research, assistance, training and information<\/em> <em>and is a partner of the CTI.<\/em><\/li>\n\n\n\n<li><a rel=\"noreferrer noopener\" href=\"http:\/\/www.medef.fr\/\" target=\"_blank\">MEDEF<\/a>, <em>the largest network of entrepreneurs in France.<\/em> <em>The MEDEF places job creation and sustainable growth at the heart of its action. It promotes entrepreneurship and defends free enterprise.<\/em><\/li>\n\n\n\n<li><strong>Ministries supervising engineering schools<\/strong>: <em><a href=\"https:\/\/www.enseignementsup-recherche.gouv.fr\/fr\">Higher Education and Research<\/a>; <a href=\"https:\/\/www.defense.gouv.fr\/\">Armed Forces<\/a>; <a href=\"https:\/\/www.economie.gouv.fr\/\">Economy, Finance and Industrial and Digital Sovereignty<\/a>; <a href=\"https:\/\/www.ecologie.gouv.fr\/\">Ecological Transition and Territorial Cohesion<\/a>; <a href=\"https:\/\/agriculture.gouv.fr\/\">Agriculture and Food Sovereignty<\/a><\/em><\/li>\n\n\n\n<li><a rel=\"noreferrer noopener\" href=\"http:\/\/www.syntec.fr\/\" target=\"_blank\">SYNTEC Federation,<\/a> <em>employers&#8217; organization that represents French groups and companies specialising in the digital, engineering, consulting, events and professional training professions<\/em><\/li>\n\n\n\n<li><a rel=\"noreferrer noopener\" href=\"http:\/\/www.ugict.cgt.fr\/\" target=\"_blank\">UGICT<\/a>, <em>trade union<\/em><\/li>\n\n\n\n<li><a rel=\"noreferrer noopener\" href=\"http:\/\/www.uic.fr\/\" target=\"_blank\">UIC Union des Industries Chimiques<\/a>, <em>the professional organization representing chemical companies in France.<\/em><\/li>\n\n\n\n<li><a rel=\"noreferrer noopener\" href=\"http:\/\/www.uimm.fr\/fr\/index.html\" target=\"_blank\">UIMM \/ Union des Industries et M\u00e9tiers de la M\u00e9tallurgie<\/a>, <em>the Union of Metallurgy Industries and Trades is a professional employers&#8217; organisation specializing in employment law, it represents and defends the interests of the metalworking industries.<\/em><\/li>\n\n\n\n<li><a href=\"https:\/\/www.ugei.fr\/\">Union des grandes \u00e9coles ind\u00e9pendantes<\/a> (UGEI), <em>a not-for-profit association created in 1993, which brings together private engineering and business schools that share a wish to preserve their independence. The work of its members complements that of public-owned higher education institutions, and reflects both the long tradition of private higher education in France and its constant adaptation to the industry&#8217;s changing needs.<\/em><\/li>\n<\/ul>\n\n\n\n<h3 class=\"wp-block-heading\">INTERNATIONAL PARTNERS AND COOPERATIONS<\/h3>\n\n\n\n<ul class=\"wp-block-list\">\n<li><a href=\"https:\/\/www.aacrao.org\/\">AACRAO<\/a>, American Association of Collegiate Registrars and Admissions Officers<\/li>\n\n\n\n<li><a href=\"https:\/\/aaq.ch\/fr\/\">AAQ<\/a>, the Swiss QAA<\/li>\n\n\n\n<li><a href=\"https:\/\/www.abet.org\/\">ABET<\/a>, an American accreditation agency<\/li>\n\n\n\n<li><a href=\"https:\/\/www.aeqes.be\/index.cfm\">AEQES<\/a>, Francophone QAA from the Wallonia &#038; Bruxelles Federation in Belgium<\/li>\n\n\n\n<li><a href=\"http:\/\/www.aracis.ro\/\">ARACIS<\/a>, Romanian QAA<\/li>\n\n\n\n<li><a href=\"https:\/\/www.aneaq.ma\/\">ANEAQ<\/a>, Moroccan QAA<\/li>\n\n\n\n<li><a href=\"https:\/\/www.auf.org\/\">AUF<\/a>, Agence universitaire de la francophonie<\/li>\n\n\n\n<li><a href=\"http:\/\/www.ecaconsortium.net\/\" target=\"_blank\" rel=\"noreferrer noopener\">ECA<\/a>, European Consortium for Accreditation<\/li>\n\n\n\n<li><a href=\"https:\/\/www.enaee.eu\/\">ENAEE<\/a>, the association of the EUR-ACE\u00aelabel<\/li>\n\n\n\n<li><a href=\"https:\/\/engineerscanada.ca\/\">Engineers Canada \/ Ing\u00e9nieurs Canada<\/a><\/li>\n\n\n\n<li><a href=\"https:\/\/wwwsit.engineersaustralia.org.au\/\">Engineers Australia<\/a><\/li>\n\n\n\n<li><a rel=\"noreferrer noopener\" href=\"http:\/\/www.enqa.eu\/\" target=\"_blank\">ENQA<\/a>, European association of ESG compliant QAAs <\/li>\n\n\n\n<li><a href=\"https:\/\/www.eqar.eu\/\">EQAR<\/a>, European Quality Assurance Register<\/li>\n\n\n\n<li><a href=\"https:\/\/www.fraq-sup.fr\/\">FrAQ-Sup<\/a>, network of Francophone QAAs<\/li>\n\n\n\n<li><a href=\"https:\/\/en.naqa.gov.ua\/\">NAQA<\/a>, Ukrainian QAA<\/li>\n\n\n\n<li><a href=\"https:\/\/oaq.qc.ca\/\">OAQ<\/a>, Ordre des ing\u00e9nieurs agronomes du Qu\u00e9bec<\/li>\n\n\n\n<li><a href=\"https:\/\/oifq.com\/\">OIFQ<\/a>, Ordre des ing\u00e9nieurs forestiers du Qu\u00e9bec<\/li>\n\n\n\n<li><a href=\"https:\/\/www.oiq.qc.ca\/\">OIQ<\/a>, Ordre des ing\u00e9nieurs du Qu\u00e9bec<\/li>\n\n\n\n<li><a href=\"https:\/\/www.oit.org.tn\/\">OIT<\/a>, Ordre des ing\u00e9nieurs de Tunisie<\/li>\n\n\n\n<li><a href=\"https:\/\/www.unibasq.eus\/en\/\">UNIBASQ<\/a>, Basque QAA, Spain<\/li>\n<\/ul>\n","protected":false},"excerpt":{"rendered":"<p>In France INTERNATIONAL PARTNERS AND COOPERATIONS<\/p>\n","protected":false},"author":1,"featured_media":0,"parent":147,"menu_order":1,"comment_status":"closed","ping_status":"closed","template":"template_gris_contact.php","meta":{"_price":"","_stock":"","_tribe_ticket_header":"","_tribe_default_ticket_provider":"","_tribe_ticket_capacity":"0","_ticket_start_date":"","_ticket_end_date":"","_tribe_ticket_show_description":"","_tribe_ticket_show_not_going":false,"_tribe_ticket_use_global_stock":"","_tribe_ticket_global_stock_level":"","_global_stock_mode":"","_global_stock_cap":"","_tribe_rsvp_for_event":"","_tribe_ticket_going_count":"","_tribe_ticket_not_going_count":"","_tribe_tickets_list":"[]","_tribe_ticket_has_attendee_info_fields":false,"footnotes":""},"class_list":["post-286","page","type-page","status-publish","hentry"],"translation":{"provider":"WPGlobus","version":"3.0.2","language":"en","enabled_languages":["fr","en"],"languages":{"fr":{"title":true,"content":true,"excerpt":false},"en":{"title":true,"content":true,"excerpt":false}}},"_links":{"self":[{"href":"https:\/\/www.cti-commission.fr\/en\/wp-json\/wp\/v2\/pages\/286","targetHints":{"allow":["GET"]}}],"collection":[{"href":"https:\/\/www.cti-commission.fr\/en\/wp-json\/wp\/v2\/pages"}],"about":[{"href":"https:\/\/www.cti-commission.fr\/en\/wp-json\/wp\/v2\/types\/page"}],"author":[{"embeddable":true,"href":"https:\/\/www.cti-commission.fr\/en\/wp-json\/wp\/v2\/users\/1"}],"replies":[{"embeddable":true,"href":"https:\/\/www.cti-commission.fr\/en\/wp-json\/wp\/v2\/comments?post=286"}],"version-history":[{"count":68,"href":"https:\/\/www.cti-commission.fr\/en\/wp-json\/wp\/v2\/pages\/286\/revisions"}],"predecessor-version":[{"id":15285,"href":"https:\/\/www.cti-commission.fr\/en\/wp-json\/wp\/v2\/pages\/286\/revisions\/15285"}],"up":[{"embeddable":true,"href":"https:\/\/www.cti-commission.fr\/en\/wp-json\/wp\/v2\/pages\/147"}],"wp:attachment":[{"href":"https:\/\/www.cti-commission.fr\/en\/wp-json\/wp\/v2\/media?parent=286"}],"curies":[{"name":"wp","href":"https:\/\/api.w.org\/{rel}","templated":true}]}}