{"id":258,"date":"2017-01-30T10:04:18","date_gmt":"2017-01-30T09:04:18","guid":{"rendered":"https:\/\/www.cti-commission.fr\/?page_id=258"},"modified":"2023-06-05T13:08:30","modified_gmt":"2023-06-05T11:08:30","slug":"le-greffe","status":"publish","type":"page","link":"https:\/\/www.cti-commission.fr\/en\/la-cti\/organisation\/le-greffe","title":{"rendered":"The CTI\u2019S REGISTRY"},"content":{"rendered":"<h2>MISSIONS<\/h2>\n<p>The CTI\u2019s registry is composed of registrars who are civil servants of the \u00ab Direction g\u00e9n\u00e9rale de l\u2019enseignement sup\u00e9rieur et de l\u2019insertion professionnelle (DGESIP) \u00bb within the Ministry in charge of Higher Education. They register HEIs applications, participate in the planning of the accreditation processes, and contribute to the administrative follow-up of accreditation procedures in close cooperation with the CTI\u2019s permanent team.<\/p>\n<p>They notify accreditation decisions to French and foreign institutions.<\/p>\n<p>The registry is in charge of archiving all documents linked to the evaluation processes and of the publication of the annual decrees fixing the list of accredited HEIs, authorized to award the engineering degree and the academic grade of &#8220;Licence&#8221; to institutional Bachelor&#8217;s degrees.<\/p>\n<h2>TEAM<\/h2>\n<p>+33 (0)1 55 55 67 25 (Marie-Ange DRANCOURT)<\/p>\n<p>+33 (0)1 55 55 75 06 (S\u00e9bastien LOBIAU)<\/p>\n<p><a href=\"mailto:greffe-cti@education.gouv.fr\">greffe-cti@education.gouv.fr<\/a><\/p>\n<p>Minist\u00e8re \u00a0de l\u2019enseignement sup\u00e9rieur et de la recherche<br \/>\nDirection g\u00e9n\u00e9rale de l\u2019enseignement sup\u00e9rieur et de l\u2019insertion professionnelle<br \/>\nSous-direction des formations et de l\u2019insertion professionnelle<br \/>\nService de la strat\u00e9gie des formations et de la vie \u00e9tudiante<br \/>\nD\u00e9partement qualit\u00e9 et reconnaissance des dipl\u00f4mes<br \/>\n1 rue Descartes<br \/>\n75231 PARIS Cedex 05<\/p>\n","protected":false},"excerpt":{"rendered":"<p>MISSIONS The CTI\u2019s registry is composed of registrars who are civil servants of the \u00ab Direction g\u00e9n\u00e9rale de l\u2019enseignement sup\u00e9rieur et de l\u2019insertion professionnelle (DGESIP) \u00bb within the Ministry in &hellip; <a href=\"https:\/\/www.cti-commission.fr\/en\/la-cti\/organisation\/le-greffe\" class=\"more-link\">Continue reading<span class=\"screen-reader-text\"> &#8220;The CTI\u2019S REGISTRY&#8221;<\/span><\/a><\/p>\n","protected":false},"author":1,"featured_media":0,"parent":169,"menu_order":2,"comment_status":"closed","ping_status":"closed","template":"template_gris_contact.php","meta":{"_price":"","_stock":"","_tribe_ticket_header":"","_tribe_default_ticket_provider":"","_tribe_ticket_capacity":"0","_ticket_start_date":"","_ticket_end_date":"","_tribe_ticket_show_description":"","_tribe_ticket_show_not_going":false,"_tribe_ticket_use_global_stock":"","_tribe_ticket_global_stock_level":"","_global_stock_mode":"","_global_stock_cap":"","_tribe_rsvp_for_event":"","_tribe_ticket_going_count":"","_tribe_ticket_not_going_count":"","_tribe_tickets_list":"[]","_tribe_ticket_has_attendee_info_fields":false,"footnotes":""},"class_list":["post-258","page","type-page","status-publish","hentry"],"translation":{"provider":"WPGlobus","version":"3.0.2","language":"en","enabled_languages":["fr","en"],"languages":{"fr":{"title":true,"content":true,"excerpt":false},"en":{"title":true,"content":true,"excerpt":false}}},"_links":{"self":[{"href":"https:\/\/www.cti-commission.fr\/en\/wp-json\/wp\/v2\/pages\/258","targetHints":{"allow":["GET"]}}],"collection":[{"href":"https:\/\/www.cti-commission.fr\/en\/wp-json\/wp\/v2\/pages"}],"about":[{"href":"https:\/\/www.cti-commission.fr\/en\/wp-json\/wp\/v2\/types\/page"}],"author":[{"embeddable":true,"href":"https:\/\/www.cti-commission.fr\/en\/wp-json\/wp\/v2\/users\/1"}],"replies":[{"embeddable":true,"href":"https:\/\/www.cti-commission.fr\/en\/wp-json\/wp\/v2\/comments?post=258"}],"version-history":[{"count":20,"href":"https:\/\/www.cti-commission.fr\/en\/wp-json\/wp\/v2\/pages\/258\/revisions"}],"predecessor-version":[{"id":13670,"href":"https:\/\/www.cti-commission.fr\/en\/wp-json\/wp\/v2\/pages\/258\/revisions\/13670"}],"up":[{"embeddable":true,"href":"https:\/\/www.cti-commission.fr\/en\/wp-json\/wp\/v2\/pages\/169"}],"wp:attachment":[{"href":"https:\/\/www.cti-commission.fr\/en\/wp-json\/wp\/v2\/media?parent=258"}],"curies":[{"name":"wp","href":"https:\/\/api.w.org\/{rel}","templated":true}]}}