{"id":256,"date":"2023-04-06T10:00:53","date_gmt":"2023-04-06T08:00:53","guid":{"rendered":"https:\/\/www.cti-commission.fr\/?page_id=256"},"modified":"2025-09-22T15:34:03","modified_gmt":"2025-09-22T13:34:03","slug":"lequipe-permanente","status":"publish","type":"page","link":"https:\/\/www.cti-commission.fr\/en\/la-cti\/organisation\/lequipe-permanente","title":{"rendered":"The CTI&#8217;s permanent staff"},"content":{"rendered":"\n<h2 class=\"wp-block-heading\">La CTI recrute :<\/h2>\n\n\n\n<p>Un.e Responsable de processus d&#8217;audit.<br><a href=\"https:\/\/www.cti-commission.fr\/wp-content\/uploads\/2023\/12\/RESPONSABLE-DE-PROJETS-Cti-2023.pdf\">La fiche de poste est accessible ici.<\/a><br>Contact : direction@cti-commission.fr <\/p>\n\n\n<h2>Les missions de l&#8217;\u00e9quipe permanente<\/h2>\n<p>L&#8217;\u00e9quipe permanente de la CTI g\u00e8re les activit\u00e9s quotidiennes de la CTI, en \u00e9troite coop\u00e9ration avec l&#8217;\u00e9quipe pr\u00e9sidence, les membres et charg\u00e9s de mission et le greffe de la CTI. <br \/>Ses missions icluent :<\/p>\n<p>* Le suivi des missions d&#8217;audit<\/p>\n<p>* la gestion administrative et financi\u00e8re<\/p>\n<p><span style=\"font-size: revert; color: initial;\">* diverses missions transverses (qualit\u00e9, communication, syst\u00e8me d&#8217;information, relations internationales, etc).<\/span><\/p>\n<h2>L&#8217;\u00e9quipe<\/h2>\n<p>Solange PISARZ<br \/><em>Directrice ex\u00e9cutive<\/em><br \/><a href=\"mailto:solange.pisarz@cti-commission.fr\">solange.pisarz@cti-commission.fr<\/a>\u00a0<\/p>\n<p>&#8211;<\/p>\n<p>Fanny CHASSAIN-PICHON<br \/><em>Responsable de processus d&#8217;audit<br \/>Communication<\/em><br \/><a href=\"mailto:fanny.chassain-pichon@cti-commission.fr\">fanny.chassain-pichon@cti-commission.fr<\/a><br \/>+33 (0)6 99 04 76 70<\/p>\n<p>&#8211;<\/p>\n<p>H\u00e9l\u00e8ne ANDRAWISS-DLAMINI<br \/><em>Responsable de processus d&#8217;audit<br \/>Projets internationaux<\/em><br \/><a href=\"mailto:tahar.himmi@cti-commission.fr\">helene.andrawiss-dlamini@cti-commission.fr<\/a><br \/>+33 (0)7 63 91 72 77<br \/>&#8211;<\/p>\n<p>Yacine IFOURAH<br \/><em>Responsable de processus d\u2019audit<\/em><br \/>yacine.ifourah@cti-commission.fr<br \/>+33 (0) 6 62 97 18 21<\/p>\n<p>&#8211;<\/p>\n<p>Lola MARTIN<br \/><em>Responsable de processus d&#8217;audit<br \/>Gestion administrative et financi\u00e8re<\/em><br \/><a href=\"mailto:lola.martin@cti-commission.fr\">lola.martin@cti-commission.fr<\/a><br \/>+33 (0)6 99 05 40 58<\/p>\n<p>&#8211;<\/p>\n<p>Monica MOCANU<br \/><em>Responsable de processus d&#8217;audit<br \/>Programmation &amp; constitution des \u00e9quipes \/ formations\u00a0<br \/><\/em><a href=\"mailto:monica.mocanu@cti-commission.fr\">monica.mocanu@cti-commission.fr<\/a><br \/>+33 (0)6 99 03 25 34<\/p>\n<h2>Nos prestataires externes<\/h2>\n<p>Conf\u00e9rence des directeurs des \u00e9coles fran\u00e7aises d\u2019ing\u00e9nieurs (CDEFI)<br \/><em>Administrative operator<\/em><br \/>44 rue Cambronne, 75015 Paris<br \/>+33 (0)1 85 65 25 25<br \/>&#8211;<br \/>DEESSI<br \/><em>Infog\u00e9rance, sauvegarde\u00a0et mise en r\u00e9seau<\/em><br \/>Centre d\u2019affaires de la Tour d\u2019Asni\u00e8res<br \/>Hall A, Etage 8<br \/>4 avenue Laurent Cely<br \/>92606 ASNIERES Cedex<br \/>T\u00e9l\u00e9phone : 01 40 07 13 33<br \/><a href=\"https:\/\/www.deessi.si\/contact\/\">https:\/\/www.deessi.si\/contact\/<\/a><\/p>\n<p>&#8211;<\/p>\n<p>T&#8217;knoWeb<br \/><i>Syst\u00e8mes d&#8217;informations, applications m\u00e9tier<\/i><br \/>30 chemin du vieux ch\u00eane<br \/>38 240 Meylan<br \/>Tel : +33 4\u00a058 00 39 66<br \/><a href=\"https:\/\/www.tknoweb.fr\/\" target=\"_blank\" rel=\"noopener noreferrer\" data-saferedirecturl=\"https:\/\/www.google.com\/url?hl=fr&amp;q=https:\/\/www.tknoweb.fr\/&amp;source=gmail&amp;ust=1521197281051000&amp;usg=AFQjCNGOJCDcYVuuQZGngA6IvuY33Fsnug\">www.tknoweb.fr<\/a><\/p>","protected":false},"excerpt":{"rendered":"<p>La CTI recrute : Un.e Responsable de processus d&#8217;audit.La fiche de poste est accessible ici.Contact : direction@cti-commission.fr Les missions de l&#8217;\u00e9quipe permanente L&#8217;\u00e9quipe permanente de la CTI g\u00e8re les activit\u00e9s &hellip; <a href=\"https:\/\/www.cti-commission.fr\/en\/la-cti\/organisation\/lequipe-permanente\" class=\"more-link\">Continue reading<span class=\"screen-reader-text\"> &#8220;The CTI&#8217;s permanent staff&#8221;<\/span><\/a><\/p>\n","protected":false},"author":1,"featured_media":0,"parent":169,"menu_order":1,"comment_status":"closed","ping_status":"closed","template":"template_gris_contact.php","meta":{"_price":"","_stock":"","_tribe_ticket_header":"","_tribe_default_ticket_provider":"","_tribe_ticket_capacity":"0","_ticket_start_date":"","_ticket_end_date":"","_tribe_ticket_show_description":"","_tribe_ticket_show_not_going":false,"_tribe_ticket_use_global_stock":"","_tribe_ticket_global_stock_level":"","_global_stock_mode":"","_global_stock_cap":"","_tribe_rsvp_for_event":"","_tribe_ticket_going_count":"","_tribe_ticket_not_going_count":"","_tribe_tickets_list":"[]","_tribe_ticket_has_attendee_info_fields":false,"footnotes":""},"class_list":["post-256","page","type-page","status-publish","hentry"],"translation":{"provider":"WPGlobus","version":"3.0.2","language":"en","enabled_languages":["fr","en"],"languages":{"fr":{"title":true,"content":true,"excerpt":false},"en":{"title":false,"content":false,"excerpt":false}}},"_links":{"self":[{"href":"https:\/\/www.cti-commission.fr\/en\/wp-json\/wp\/v2\/pages\/256","targetHints":{"allow":["GET"]}}],"collection":[{"href":"https:\/\/www.cti-commission.fr\/en\/wp-json\/wp\/v2\/pages"}],"about":[{"href":"https:\/\/www.cti-commission.fr\/en\/wp-json\/wp\/v2\/types\/page"}],"author":[{"embeddable":true,"href":"https:\/\/www.cti-commission.fr\/en\/wp-json\/wp\/v2\/users\/1"}],"replies":[{"embeddable":true,"href":"https:\/\/www.cti-commission.fr\/en\/wp-json\/wp\/v2\/comments?post=256"}],"version-history":[{"count":112,"href":"https:\/\/www.cti-commission.fr\/en\/wp-json\/wp\/v2\/pages\/256\/revisions"}],"predecessor-version":[{"id":17195,"href":"https:\/\/www.cti-commission.fr\/en\/wp-json\/wp\/v2\/pages\/256\/revisions\/17195"}],"up":[{"embeddable":true,"href":"https:\/\/www.cti-commission.fr\/en\/wp-json\/wp\/v2\/pages\/169"}],"wp:attachment":[{"href":"https:\/\/www.cti-commission.fr\/en\/wp-json\/wp\/v2\/media?parent=256"}],"curies":[{"name":"wp","href":"https:\/\/api.w.org\/{rel}","templated":true}]}}