{"id":17082,"date":"2025-07-16T15:24:20","date_gmt":"2025-07-16T13:24:20","guid":{"rendered":"https:\/\/www.cti-commission.fr\/?page_id=17082"},"modified":"2025-12-12T09:22:25","modified_gmt":"2025-12-12T08:22:25","slug":"le-comite-dorientation-strategique-cos","status":"publish","type":"page","link":"https:\/\/www.cti-commission.fr\/en\/la-cti\/organisation\/le-comite-dorientation-strategique-cos","title":{"rendered":"Le Comit\u00e9 d&#8217;orientation strat\u00e9gique (COS)"},"content":{"rendered":"\n<figure class=\"wp-block-image size-full\"><img loading=\"lazy\" decoding=\"async\" width=\"2856\" height=\"2142\" src=\"https:\/\/www.cti-commission.fr\/wp-content\/uploads\/2025\/07\/Photo-COS-7.jpg\" alt=\"\" class=\"wp-image-17089\"\/><\/figure>\n\n\n\n<p><\/p>\n\n\n\n<p><strong>Pr\u00e9sentation du<\/strong> <strong>Comit\u00e9 d\u2019Orientation Strat\u00e9gique<\/strong> <strong>(COS)<\/strong><\/p>\n\n\n\n<p>La Commission des Titres d\u2019ing\u00e9nieur a d\u00e9cid\u00e9 de se doter d\u2019un Comit\u00e9 d\u2019Orientation Strat\u00e9gique (COS) afin que ce dernier puisse agir comme un organe prospectif sur les \u00e9volutions du m\u00e9tier d\u2019ing\u00e9nieur.<\/p>\n\n\n\n<p>Les missions du COS sont de participer \u00e0 la d\u00e9finition du m\u00e9tier d\u2019ing\u00e9nieur, anticiper ses \u00e9volutions et les attentes qu\u2019il suscite. Sur ces sujets, le COS portera un regard critique sur les travaux de la CTI et sugg\u00e8rera des \u00e9volutions dans une logique pluriannuelle.<\/p>\n\n\n\n<p><a href=\"https:\/\/www.cti-commission.fr\/wp-content\/uploads\/2025\/07\/MembresduCOS_Flyer_Mai2025.pdf\">D\u00e9couvrez la liste des membres du COS de la CTI<\/a><\/p>\n\n\n\n<p><strong>Premi\u00e8re r\u00e9union du Comit\u00e9 d&#8217;Orientation Strat\u00e9gique <\/strong><\/p>\n\n\n\n<p>Le Comit\u00e9 d\u2019Orientation Strat\u00e9gique de la Commission des Titres d\u2019ing\u00e9nieur s\u2019est r\u00e9uni pour la premi\u00e8re fois le jeudi 12 juin 2025 dans les locaux de la CTI.<\/p>\n\n\n\n<p> Au total, une quinzaine de personnes issues du monde acad\u00e9mique, du monde socio-\u00e9conomique ou repr\u00e9sentant des minist\u00e8res et partageant une connaissance fine de l\u2019ing\u00e9nierie en France ont \u00e9chang\u00e9 sur des probl\u00e9matiques cl\u00e9 afin de dessiner au mieux quelques prospectives sur le m\u00e9tier d\u2019ing\u00e9nieur.<\/p>\n\n\n\n<p>La th\u00e9matique de cette premi\u00e8re r\u00e9union s&#8217;intitulait : &#8220;<em>Former l\u2019ing\u00e9nieur de demain : r\u00f4le de la formation \u00e0 et par la recherche, de l\u2019exposition \u00e0 l\u2019international, compr\u00e9hension des enjeux soci\u00e9taux, de souverainet\u00e9 et de r\u00e9industrialisation<\/em>&#8220;.<\/p>\n\n\n\n<p>Consultez la <a href=\"https:\/\/www.cti-commission.fr\/wp-content\/uploads\/2025\/07\/Synthese_COS1_Juin2025_VD.pdf\">synth\u00e8se de la premi\u00e8re r\u00e9union du COS<\/a> ainsi que<a href=\"https:\/\/www.cti-commission.fr\/wp-content\/uploads\/2025\/07\/Communique_COS_Juin2025.pdf\"> le communiqu\u00e9 <\/a><\/p>\n\n\n\n<p>La seconde r\u00e9union du Comit\u00e9 d&#8217;Orientation Strat\u00e9gique de la Commission des Titres d&#8217;ing\u00e9nieur s&#8217;est r\u00e9uni pour la seconde fois lieu le 16 octobre 2025 dans les locaux de la CTI.<\/p>\n\n\n\n<p>La plupart des membres du COS \u00e9taient pr\u00e9sents afin d&#8217;\u00e9changer sur la th\u00e9matique : &#8221; <em>Recherche et Innovation au coeur de la formation d&#8217;ing\u00e9nieur<\/em> &#8220;.<\/p>\n\n\n\n<p>Consultez la <a href=\"https:\/\/www.cti-commission.fr\/wp-content\/uploads\/2025\/12\/synthese_COS2.pdf\">seconde synth\u00e8se de la r\u00e9union du COS<\/a><\/p>\n\n\n\n<p><\/p>\n","protected":false},"excerpt":{"rendered":"<p>Pr\u00e9sentation du Comit\u00e9 d\u2019Orientation Strat\u00e9gique (COS) La Commission des Titres d\u2019ing\u00e9nieur a d\u00e9cid\u00e9 de se doter d\u2019un Comit\u00e9 d\u2019Orientation Strat\u00e9gique (COS) afin que ce dernier puisse agir comme un organe &hellip; <a href=\"https:\/\/www.cti-commission.fr\/en\/la-cti\/organisation\/le-comite-dorientation-strategique-cos\" class=\"more-link\">Continue reading<span class=\"screen-reader-text\"> &#8220;Le Comit\u00e9 d&#8217;orientation strat\u00e9gique (COS)&#8221;<\/span><\/a><\/p>\n","protected":false},"author":1,"featured_media":0,"parent":169,"menu_order":0,"comment_status":"closed","ping_status":"closed","template":"","meta":{"_price":"","_stock":"","_tribe_ticket_header":"","_tribe_default_ticket_provider":"","_tribe_ticket_capacity":"0","_ticket_start_date":"","_ticket_end_date":"","_tribe_ticket_show_description":"","_tribe_ticket_show_not_going":false,"_tribe_ticket_use_global_stock":"","_tribe_ticket_global_stock_level":"","_global_stock_mode":"","_global_stock_cap":"","_tribe_rsvp_for_event":"","_tribe_ticket_going_count":"","_tribe_ticket_not_going_count":"","_tribe_tickets_list":"[]","_tribe_ticket_has_attendee_info_fields":false,"footnotes":""},"class_list":["post-17082","page","type-page","status-publish","hentry"],"translation":{"provider":"WPGlobus","version":"3.0.2","language":"en","enabled_languages":["fr","en"],"languages":{"fr":{"title":true,"content":true,"excerpt":false},"en":{"title":false,"content":false,"excerpt":false}}},"_links":{"self":[{"href":"https:\/\/www.cti-commission.fr\/en\/wp-json\/wp\/v2\/pages\/17082","targetHints":{"allow":["GET"]}}],"collection":[{"href":"https:\/\/www.cti-commission.fr\/en\/wp-json\/wp\/v2\/pages"}],"about":[{"href":"https:\/\/www.cti-commission.fr\/en\/wp-json\/wp\/v2\/types\/page"}],"author":[{"embeddable":true,"href":"https:\/\/www.cti-commission.fr\/en\/wp-json\/wp\/v2\/users\/1"}],"replies":[{"embeddable":true,"href":"https:\/\/www.cti-commission.fr\/en\/wp-json\/wp\/v2\/comments?post=17082"}],"version-history":[{"count":10,"href":"https:\/\/www.cti-commission.fr\/en\/wp-json\/wp\/v2\/pages\/17082\/revisions"}],"predecessor-version":[{"id":17318,"href":"https:\/\/www.cti-commission.fr\/en\/wp-json\/wp\/v2\/pages\/17082\/revisions\/17318"}],"up":[{"embeddable":true,"href":"https:\/\/www.cti-commission.fr\/en\/wp-json\/wp\/v2\/pages\/169"}],"wp:attachment":[{"href":"https:\/\/www.cti-commission.fr\/en\/wp-json\/wp\/v2\/media?parent=17082"}],"curies":[{"name":"wp","href":"https:\/\/api.w.org\/{rel}","templated":true}]}}