{"id":13124,"date":"2023-04-28T09:51:21","date_gmt":"2023-04-28T07:51:21","guid":{"rendered":"https:\/\/www.cti-commission.fr\/?page_id=13124"},"modified":"2023-04-28T10:33:33","modified_gmt":"2023-04-28T08:33:33","slug":"ressources-du-colloque-2023-de-la-cti","status":"publish","type":"page","link":"https:\/\/www.cti-commission.fr\/en\/colloque-2024-de-la-cti\/ressources-du-colloque-2023-de-la-cti","title":{"rendered":"Ressources du Colloque 2023 de la CTI"},"content":{"rendered":"<ul>\n<li><a href=\"https:\/\/www.cti-commission.fr\/wp-content\/uploads\/2023\/01\/Colloque_2023_Programme-V20230130bis.pdf\">Programme du colloque 2023<\/a><\/li>\n<li><a href=\"https:\/\/www.cti-commission.fr\/wp-content\/uploads\/2023\/01\/Colloque-2023_CTI_participants_V2023-01-27.pdf\">Liste des participants au colloque 2023<\/a><\/li>\n<li><a href=\"https:\/\/www.cti-commission.fr\/wp-content\/uploads\/2023\/02\/CTI_2023_intervenantsVF.pdf\">Les intervenants au colloque 2023<\/a><\/li>\n<li>Pr\u00e9sentation au colloque : <a href=\"https:\/\/www.cti-commission.fr\/wp-content\/uploads\/2023\/02\/PPT_Colloque_CTI_2023_REFERENTIELS.pdf\">les r\u00e9f\u00e9rentiels ing\u00e9nieur et bachelor 2023<\/a><\/li>\n<li>Note th\u00e9matique : <a href=\"https:\/\/www.cti-commission.fr\/wp-content\/uploads\/2023\/04\/note-thematique2023_1_bilan-campagnes22-relu-VD.pdf\">bilan des campagnes pr\u00e9c\u00e9dentes<\/a><\/li>\n<li>Restitution : <a href=\"https:\/\/www.cti-commission.fr\/wp-content\/uploads\/2023\/04\/Colloque-CTI_restitutions-ateliers.pdf\">les ateliers du colloque 2023<\/a><\/li>\n<li>Programmation des <a href=\"https:\/\/www.cti-commission.fr\/wp-content\/uploads\/2023\/01\/PROGRAMMATION_INGENIEUR_2023-2024_V_site_20230126.pdf\">audits ing\u00e9nieurs 2023-2024<\/a><\/li>\n<li>Programmation des <a href=\"https:\/\/www.cti-commission.fr\/wp-content\/uploads\/2023\/01\/PROGRAMMATION_BACHELOR_2023-2024_V_site_20230126.pdf\">audits bachelor 2023-2024<\/a><\/li>\n<li>Lien vers la page du site CTI : <a href=\"https:\/\/www.cti-commission.fr\/fonds-documentaire\">R&amp;O ing\u00e9nieurs avec les fiches th\u00e9matiques compl\u00e9mentaires<\/a><\/li>\n<li>Lien vers la page du site CTI : <a href=\"https:\/\/www.cti-commission.fr\/documents-de-reference\/criteres-et-procedures-bachelor\">le r\u00e9f\u00e9rentiel et la proc\u00e9dure Bachelor<\/a><\/li>\n<li><a href=\"https:\/\/www.cti-commission.fr\/wp-content\/uploads\/2023\/01\/Note_CTI_certification_Qualiopi_V2023-01-25.pdf\">Note de la CTI sur la certification Qualiopi<\/a><\/li>\n<li><a href=\"https:\/\/www.cti-commission.fr\/wp-content\/uploads\/2023\/02\/Vad\u00e9m\u00e9cum-RNCP-V1.1-VF-1-1_janvier_2023.pdf\">Vademecum RNCP<\/a><\/li>\n<li>Lien vers le <a href=\"https:\/\/european-union.europa.eu\/principles-countries-history\/principles-and-values\/aims-and-values_en\">site de l\u2019UE sur les valeurs<\/a><\/li>\n<li><a href=\"https:\/\/www.cti-commission.fr\/wp-content\/uploads\/2023\/01\/Charte_EU.pdf\">Charte des droits fondamentaux de l\u2019UE<\/a><\/li>\n<li>Processus de Bologne\u00a0: <a href=\"https:\/\/www.cti-commission.fr\/wp-content\/uploads\/2023\/01\/Paris2018_Communique_final_952771.pdf\">Communiqu\u00e9 de Paris\u00a02018<\/a><\/li>\n<li>Processus de Bologne\u00a0: <a href=\"https:\/\/www.cti-commission.fr\/wp-content\/uploads\/2023\/01\/Rome_Ministerial_Communique.pdf\">Communiqu\u00e9 de Rome\u00a02020<\/a><\/li>\n<\/ul>\n","protected":false},"excerpt":{"rendered":"<p>Programme du colloque 2023 Liste des participants au colloque 2023 Les intervenants au colloque 2023 Pr\u00e9sentation au colloque : les r\u00e9f\u00e9rentiels ing\u00e9nieur et bachelor 2023 Note th\u00e9matique : bilan des &hellip; <a href=\"https:\/\/www.cti-commission.fr\/en\/colloque-2024-de-la-cti\/ressources-du-colloque-2023-de-la-cti\" class=\"more-link\">Continue reading<span class=\"screen-reader-text\"> &#8220;Ressources du Colloque 2023 de la CTI&#8221;<\/span><\/a><\/p>\n","protected":false},"author":1,"featured_media":13178,"parent":13122,"menu_order":0,"comment_status":"closed","ping_status":"closed","template":"","meta":{"_price":"","_stock":"","_tribe_ticket_header":"","_tribe_default_ticket_provider":"","_tribe_ticket_capacity":"0","_ticket_start_date":"","_ticket_end_date":"","_tribe_ticket_show_description":"","_tribe_ticket_show_not_going":false,"_tribe_ticket_use_global_stock":"","_tribe_ticket_global_stock_level":"","_global_stock_mode":"","_global_stock_cap":"","_tribe_rsvp_for_event":"","_tribe_ticket_going_count":"","_tribe_ticket_not_going_count":"","_tribe_tickets_list":"[]","_tribe_ticket_has_attendee_info_fields":false,"footnotes":""},"class_list":["post-13124","page","type-page","status-publish","has-post-thumbnail","hentry"],"translation":{"provider":"WPGlobus","version":"3.0.2","language":"en","enabled_languages":["fr","en"],"languages":{"fr":{"title":true,"content":true,"excerpt":false},"en":{"title":false,"content":false,"excerpt":false}}},"_links":{"self":[{"href":"https:\/\/www.cti-commission.fr\/en\/wp-json\/wp\/v2\/pages\/13124","targetHints":{"allow":["GET"]}}],"collection":[{"href":"https:\/\/www.cti-commission.fr\/en\/wp-json\/wp\/v2\/pages"}],"about":[{"href":"https:\/\/www.cti-commission.fr\/en\/wp-json\/wp\/v2\/types\/page"}],"author":[{"embeddable":true,"href":"https:\/\/www.cti-commission.fr\/en\/wp-json\/wp\/v2\/users\/1"}],"replies":[{"embeddable":true,"href":"https:\/\/www.cti-commission.fr\/en\/wp-json\/wp\/v2\/comments?post=13124"}],"version-history":[{"count":19,"href":"https:\/\/www.cti-commission.fr\/en\/wp-json\/wp\/v2\/pages\/13124\/revisions"}],"predecessor-version":[{"id":13494,"href":"https:\/\/www.cti-commission.fr\/en\/wp-json\/wp\/v2\/pages\/13124\/revisions\/13494"}],"up":[{"embeddable":true,"href":"https:\/\/www.cti-commission.fr\/en\/wp-json\/wp\/v2\/pages\/13122"}],"wp:featuredmedia":[{"embeddable":true,"href":"https:\/\/www.cti-commission.fr\/en\/wp-json\/wp\/v2\/media\/13178"}],"wp:attachment":[{"href":"https:\/\/www.cti-commission.fr\/en\/wp-json\/wp\/v2\/media?parent=13124"}],"curies":[{"name":"wp","href":"https:\/\/api.w.org\/{rel}","templated":true}]}}